{"id":6,"date":"2026-03-13T18:00:17","date_gmt":"2026-03-13T17:00:17","guid":{"rendered":"https:\/\/lesamisdesartsdelasomme.fr\/?page_id=6"},"modified":"2026-03-14T13:23:41","modified_gmt":"2026-03-14T12:23:41","slug":"actualite","status":"publish","type":"page","link":"https:\/\/lesamisdesartsdelasomme.fr\/index.php\/actualite\/","title":{"rendered":"Expositions"},"content":{"rendered":"\n<h2 class=\"wp-block-heading has-text-align-center has-source-serif-pro-font-family\"><strong>EXPOSITIONS  2026<\/strong><\/h2>\n\n\n\n<h2 class=\"wp-block-heading\"><\/h2>\n\n\n\n<hr class=\"wp-block-separator aligncenter has-text-color has-background-color has-alpha-channel-opacity has-background-background-color has-background is-style-dots\" style=\"margin-top:var(--wp--preset--spacing--20);margin-bottom:var(--wp--preset--spacing--20)\"\/>\n\n\n\n<div class=\"wp-block-columns is-layout-flex wp-container-core-columns-is-layout-28f84493 wp-block-columns-is-layout-flex\">\n<div class=\"wp-block-column is-layout-flow wp-block-column-is-layout-flow\" style=\"flex-basis:50%\">\n<p><\/p>\n\n\n\n<h3 class=\"wp-block-heading has-text-align-center\"><strong>115 \u00e8me \u00e9dition de Flesselles<\/strong><\/h3>\n\n\n\n<p><\/p>\n\n\n\n<h4 class=\"wp-block-heading has-text-align-center has-text-color has-link-color wp-elements-f7f1170b936d62a25f3781e3214a5cf6\" style=\"color:#60c89e\">Mot du pr\u00e9sident<\/h4>\n\n\n\n<div class=\"wp-block-buttons is-content-justification-center is-layout-flex wp-container-core-buttons-is-layout-a89b3969 wp-block-buttons-is-layout-flex\">\n<div class=\"wp-block-button has-custom-width wp-block-button__width-75 is-style-outline is-style-outline--1\"><a class=\"wp-block-button__link has-vivid-cyan-blue-color has-text-color has-link-color has-x-large-font-size has-custom-font-size wp-element-button\" href=\"https:\/\/lesamisdesartsdelasomme.fr\/wp-content\/uploads\/2026\/02\/Reglement-Chateau-de-Flesselles-2026.pdf\" style=\"border-style:none;border-width:0px\"><strong>R\u00e8glement<\/strong><\/a><\/div>\n\n\n\n<div class=\"wp-block-button has-custom-width wp-block-button__width-75 is-style-outline is-style-outline--2\"><a class=\"wp-block-button__link has-pale-pink-color has-text-color has-link-color has-x-large-font-size has-custom-font-size wp-element-button\" href=\"https:\/\/lesamisdesartsdelasomme.fr\/wp-content\/uploads\/2026\/02\/Bulletin-dinscription-Flesselles-2026.pdf\" style=\"border-style:none;border-width:0px\"><strong>Inscription<\/strong><\/a><\/div>\n<\/div>\n\n\n\n<h4 class=\"wp-block-heading has-text-align-center has-vivid-cyan-blue-color has-text-color has-link-color wp-elements-1d1308a5335966169e91eab928cc68f3\"><\/h4>\n\n\n\n<h4 class=\"wp-block-heading has-text-align-center has-pale-pink-color has-text-color has-link-color wp-elements-b98642b9ebb9c79b8eda2bb0d5781790\"><\/h4>\n<\/div>\n\n\n\n<div class=\"wp-block-column is-layout-flow wp-block-column-is-layout-flow\" style=\"flex-basis:50%\">\n<figure class=\"wp-block-image size-large is-resized\"><img decoding=\"async\" width=\"724\" height=\"1024\" data-src=\"http:\/\/lesamisdesartsdelasomme.fr\/wp-content\/uploads\/2026\/02\/Affiche-Flesselles-2026-724x1024.png\" alt=\"\" class=\"wp-image-804 lazyload\" style=\"--smush-placeholder-width: 724px; --smush-placeholder-aspect-ratio: 724\/1024;width:350px\" data-srcset=\"https:\/\/lesamisdesartsdelasomme.fr\/wp-content\/uploads\/2026\/02\/Affiche-Flesselles-2026-724x1024.png 724w, https:\/\/lesamisdesartsdelasomme.fr\/wp-content\/uploads\/2026\/02\/Affiche-Flesselles-2026-212x300.png 212w, https:\/\/lesamisdesartsdelasomme.fr\/wp-content\/uploads\/2026\/02\/Affiche-Flesselles-2026-768x1086.png 768w, https:\/\/lesamisdesartsdelasomme.fr\/wp-content\/uploads\/2026\/02\/Affiche-Flesselles-2026-1086x1536.png 1086w, https:\/\/lesamisdesartsdelasomme.fr\/wp-content\/uploads\/2026\/02\/Affiche-Flesselles-2026-1448x2048.png 1448w, https:\/\/lesamisdesartsdelasomme.fr\/wp-content\/uploads\/2026\/02\/Affiche-Flesselles-2026-1320x1867.png 1320w, https:\/\/lesamisdesartsdelasomme.fr\/wp-content\/uploads\/2026\/02\/Affiche-Flesselles-2026.png 1587w\" data-sizes=\"(max-width: 724px) 100vw, 724px\" src=\"data:image\/svg+xml;base64,PHN2ZyB3aWR0aD0iMSIgaGVpZ2h0PSIxIiB4bWxucz0iaHR0cDovL3d3dy53My5vcmcvMjAwMC9zdmciPjwvc3ZnPg==\" \/><\/figure>\n<\/div>\n<\/div>\n\n\n\n<hr class=\"wp-block-separator has-text-color has-background-color has-alpha-channel-opacity has-background-background-color has-background is-style-wide\" style=\"margin-top:var(--wp--preset--spacing--30);margin-bottom:var(--wp--preset--spacing--30)\"\/>\n\n\n\n<p><\/p>\n\n\n\n<h3 class=\"wp-block-heading has-text-align-center has-source-serif-pro-font-family\"><strong>EXPOSITIONS 2025<\/strong><\/h3>\n\n\n\n<hr class=\"wp-block-separator has-text-color has-background-color has-alpha-channel-opacity has-background-background-color has-background is-style-dots\" style=\"margin-top:var(--wp--preset--spacing--30);margin-bottom:var(--wp--preset--spacing--30)\"\/>\n\n\n\n<div class=\"wp-block-columns is-layout-flex wp-container-core-columns-is-layout-28f84493 wp-block-columns-is-layout-flex\">\n<div class=\"wp-block-column is-layout-flow wp-block-column-is-layout-flow\">\n<div class=\"wp-block-columns is-layout-flex wp-container-core-columns-is-layout-28f84493 wp-block-columns-is-layout-flex\">\n<div class=\"wp-block-column is-layout-flow wp-block-column-is-layout-flow\">\n<div class=\"wp-block-columns is-layout-flex wp-container-core-columns-is-layout-28f84493 wp-block-columns-is-layout-flex\">\n<div class=\"wp-block-column is-layout-flow wp-block-column-is-layout-flow\" style=\"flex-basis:500px\">\n<figure class=\"wp-block-image aligncenter size-large is-resized\"><img decoding=\"async\" width=\"724\" height=\"1024\" data-src=\"https:\/\/lesamisdesartsdelasomme.fr\/wp-content\/uploads\/2025\/02\/Aff-FLESSELLES-2025-724x1024.png\" alt=\"\" class=\"wp-image-513 lazyload\" style=\"--smush-placeholder-width: 724px; --smush-placeholder-aspect-ratio: 724\/1024;object-fit:cover;width:300px;height:400px\" data-srcset=\"https:\/\/lesamisdesartsdelasomme.fr\/wp-content\/uploads\/2025\/02\/Aff-FLESSELLES-2025-724x1024.png 724w, https:\/\/lesamisdesartsdelasomme.fr\/wp-content\/uploads\/2025\/02\/Aff-FLESSELLES-2025-212x300.png 212w, https:\/\/lesamisdesartsdelasomme.fr\/wp-content\/uploads\/2025\/02\/Aff-FLESSELLES-2025-768x1086.png 768w, https:\/\/lesamisdesartsdelasomme.fr\/wp-content\/uploads\/2025\/02\/Aff-FLESSELLES-2025-1086x1536.png 1086w, https:\/\/lesamisdesartsdelasomme.fr\/wp-content\/uploads\/2025\/02\/Aff-FLESSELLES-2025-1320x1867.png 1320w, https:\/\/lesamisdesartsdelasomme.fr\/wp-content\/uploads\/2025\/02\/Aff-FLESSELLES-2025.png 1414w\" data-sizes=\"(max-width: 724px) 100vw, 724px\" src=\"data:image\/svg+xml;base64,PHN2ZyB3aWR0aD0iMSIgaGVpZ2h0PSIxIiB4bWxucz0iaHR0cDovL3d3dy53My5vcmcvMjAwMC9zdmciPjwvc3ZnPg==\" \/><figcaption class=\"wp-element-caption\"><strong><em><mark style=\"background-color:rgba(0, 0, 0, 0);color:#d0758c\" class=\"has-inline-color\">190\u00e8me Anniversaire de l\u2019Association<\/mark><\/em><\/strong><\/figcaption><\/figure>\n<\/div>\n\n\n\n<div class=\"wp-block-column is-layout-flow wp-block-column-is-layout-flow\">\n<figure class=\"wp-block-image size-large is-resized\"><img decoding=\"async\" width=\"724\" height=\"1024\" data-src=\"http:\/\/lesamisdesartsdelasomme.fr\/wp-content\/uploads\/2025\/03\/Affiche-724x1024.png\" alt=\"\" class=\"wp-image-602 lazyload\" style=\"--smush-placeholder-width: 724px; --smush-placeholder-aspect-ratio: 724\/1024;object-fit:cover;width:300px;height:400px\" data-srcset=\"https:\/\/lesamisdesartsdelasomme.fr\/wp-content\/uploads\/2025\/03\/Affiche-724x1024.png 724w, https:\/\/lesamisdesartsdelasomme.fr\/wp-content\/uploads\/2025\/03\/Affiche-212x300.png 212w, https:\/\/lesamisdesartsdelasomme.fr\/wp-content\/uploads\/2025\/03\/Affiche-768x1086.png 768w, https:\/\/lesamisdesartsdelasomme.fr\/wp-content\/uploads\/2025\/03\/Affiche-1086x1536.png 1086w, https:\/\/lesamisdesartsdelasomme.fr\/wp-content\/uploads\/2025\/03\/Affiche-1448x2048.png 1448w, https:\/\/lesamisdesartsdelasomme.fr\/wp-content\/uploads\/2025\/03\/Affiche-1320x1867.png 1320w, https:\/\/lesamisdesartsdelasomme.fr\/wp-content\/uploads\/2025\/03\/Affiche.png 1587w\" data-sizes=\"(max-width: 724px) 100vw, 724px\" src=\"data:image\/svg+xml;base64,PHN2ZyB3aWR0aD0iMSIgaGVpZ2h0PSIxIiB4bWxucz0iaHR0cDovL3d3dy53My5vcmcvMjAwMC9zdmciPjwvc3ZnPg==\" \/><\/figure>\n<\/div>\n\n\n\n<div class=\"wp-block-column is-layout-flow wp-block-column-is-layout-flow\">\n<figure class=\"wp-block-image size-large is-resized\"><img decoding=\"async\" width=\"665\" height=\"1024\" data-src=\"https:\/\/lesamisdesartsdelasomme.fr\/wp-content\/uploads\/2026\/03\/Screenshot_20251109_182712_Gallery-665x1024.jpg\" alt=\"\" class=\"wp-image-1037 lazyload\" style=\"--smush-placeholder-width: 665px; --smush-placeholder-aspect-ratio: 665\/1024;width:auto;height:400px\" data-srcset=\"https:\/\/lesamisdesartsdelasomme.fr\/wp-content\/uploads\/2026\/03\/Screenshot_20251109_182712_Gallery-665x1024.jpg 665w, https:\/\/lesamisdesartsdelasomme.fr\/wp-content\/uploads\/2026\/03\/Screenshot_20251109_182712_Gallery-195x300.jpg 195w, https:\/\/lesamisdesartsdelasomme.fr\/wp-content\/uploads\/2026\/03\/Screenshot_20251109_182712_Gallery-768x1182.jpg 768w, https:\/\/lesamisdesartsdelasomme.fr\/wp-content\/uploads\/2026\/03\/Screenshot_20251109_182712_Gallery-998x1536.jpg 998w, https:\/\/lesamisdesartsdelasomme.fr\/wp-content\/uploads\/2026\/03\/Screenshot_20251109_182712_Gallery.jpg 1079w\" data-sizes=\"(max-width: 665px) 100vw, 665px\" src=\"data:image\/svg+xml;base64,PHN2ZyB3aWR0aD0iMSIgaGVpZ2h0PSIxIiB4bWxucz0iaHR0cDovL3d3dy53My5vcmcvMjAwMC9zdmciPjwvc3ZnPg==\" \/><\/figure>\n<\/div>\n<\/div>\n<\/div>\n<\/div>\n<\/div>\n<\/div>\n\n\n\n<hr class=\"wp-block-separator has-text-color has-background-color has-alpha-channel-opacity has-background-background-color has-background is-style-wide\"\/>\n\n\n\n<div class=\"wp-block-buttons is-content-justification-right is-layout-flex wp-container-core-buttons-is-layout-d445cf74 wp-block-buttons-is-layout-flex\">\n<div class=\"wp-block-button\"><a class=\"wp-block-button__link wp-element-button\" href=\"https:\/\/lesamisdesartsdelasomme.fr\/\">Retour page d&rsquo;Accueil<\/a><\/div>\n<\/div>\n","protected":false},"excerpt":{"rendered":"<p>EXPOSITIONS 2026 115 \u00e8me \u00e9dition de Flesselles Mot du pr\u00e9sident EXPOSITIONS 2025<\/p>\n","protected":false},"author":4,"featured_media":0,"parent":0,"menu_order":0,"comment_status":"closed","ping_status":"closed","template":"","meta":{"_EventAllDay":false,"_EventTimezone":"","_EventStartDate":"","_EventEndDate":"","_EventStartDateUTC":"","_EventEndDateUTC":"","_EventShowMap":false,"_EventShowMapLink":false,"_EventURL":"","_EventCost":"","_EventCostDescription":"","_EventCurrencySymbol":"","_EventCurrencyCode":"","_EventCurrencyPosition":"","_EventDateTimeSeparator":"","_EventTimeRangeSeparator":"","_EventOrganizerID":[],"_EventVenueID":[],"_OrganizerEmail":"","_OrganizerPhone":"","_OrganizerWebsite":"","_VenueAddress":"","_VenueCity":"","_VenueCountry":"","_VenueProvince":"","_VenueState":"","_VenueZip":"","_VenuePhone":"","_VenueURL":"","_VenueStateProvince":"","_VenueLat":"","_VenueLng":"","_VenueShowMap":false,"_VenueShowMapLink":false,"footnotes":""},"class_list":["post-6","page","type-page","status-publish","hentry"],"yoast_head":"<!-- This site is optimized with the Yoast SEO plugin v27.4 - https:\/\/yoast.com\/product\/yoast-seo-wordpress\/ -->\n<title>Expositions - Les Amis des Arts de la Somme<\/title>\n<meta name=\"robots\" content=\"index, follow, max-snippet:-1, max-image-preview:large, max-video-preview:-1\" \/>\n<link rel=\"canonical\" href=\"https:\/\/lesamisdesartsdelasomme.fr\/index.php\/actualite\/\" \/>\n<meta property=\"og:locale\" content=\"fr_FR\" \/>\n<meta property=\"og:type\" content=\"article\" \/>\n<meta property=\"og:title\" content=\"Expositions - Les Amis des Arts de la Somme\" \/>\n<meta property=\"og:description\" content=\"EXPOSITIONS 2026 115 \u00e8me \u00e9dition de Flesselles Mot du pr\u00e9sident EXPOSITIONS 2025\" \/>\n<meta property=\"og:url\" content=\"https:\/\/lesamisdesartsdelasomme.fr\/index.php\/actualite\/\" \/>\n<meta property=\"og:site_name\" content=\"Les Amis des Arts de la Somme\" \/>\n<meta property=\"article:publisher\" content=\"https:\/\/www.facebook.com\/amisdesarts.somme.9\/?locale=fr_FR\" \/>\n<meta property=\"article:modified_time\" content=\"2026-03-14T12:23:41+00:00\" \/>\n<meta property=\"og:image\" content=\"https:\/\/lesamisdesartsdelasomme.fr\/wp-content\/uploads\/2026\/02\/Affiche-Flesselles-2026.png\" \/>\n\t<meta property=\"og:image:width\" content=\"1587\" \/>\n\t<meta property=\"og:image:height\" content=\"2245\" \/>\n\t<meta property=\"og:image:type\" content=\"image\/png\" \/>\n<meta name=\"twitter:card\" content=\"summary_large_image\" \/>\n<meta name=\"twitter:label1\" content=\"Dur\u00e9e de lecture estim\u00e9e\" \/>\n\t<meta name=\"twitter:data1\" content=\"1 minute\" \/>\n<script type=\"application\/ld+json\" class=\"yoast-schema-graph\">{\"@context\":\"https:\\\/\\\/schema.org\",\"@graph\":[{\"@type\":\"WebPage\",\"@id\":\"https:\\\/\\\/lesamisdesartsdelasomme.fr\\\/index.php\\\/actualite\\\/\",\"url\":\"https:\\\/\\\/lesamisdesartsdelasomme.fr\\\/index.php\\\/actualite\\\/\",\"name\":\"Expositions - Les Amis des Arts de la Somme\",\"isPartOf\":{\"@id\":\"https:\\\/\\\/lesamisdesartsdelasomme.fr\\\/#website\"},\"primaryImageOfPage\":{\"@id\":\"https:\\\/\\\/lesamisdesartsdelasomme.fr\\\/index.php\\\/actualite\\\/#primaryimage\"},\"image\":{\"@id\":\"https:\\\/\\\/lesamisdesartsdelasomme.fr\\\/index.php\\\/actualite\\\/#primaryimage\"},\"thumbnailUrl\":\"http:\\\/\\\/lesamisdesartsdelasomme.fr\\\/wp-content\\\/uploads\\\/2026\\\/02\\\/Affiche-Flesselles-2026-724x1024.png\",\"datePublished\":\"2026-03-13T17:00:17+00:00\",\"dateModified\":\"2026-03-14T12:23:41+00:00\",\"breadcrumb\":{\"@id\":\"https:\\\/\\\/lesamisdesartsdelasomme.fr\\\/index.php\\\/actualite\\\/#breadcrumb\"},\"inLanguage\":\"fr-FR\",\"potentialAction\":[{\"@type\":\"ReadAction\",\"target\":[\"https:\\\/\\\/lesamisdesartsdelasomme.fr\\\/index.php\\\/actualite\\\/\"]}]},{\"@type\":\"ImageObject\",\"inLanguage\":\"fr-FR\",\"@id\":\"https:\\\/\\\/lesamisdesartsdelasomme.fr\\\/index.php\\\/actualite\\\/#primaryimage\",\"url\":\"https:\\\/\\\/lesamisdesartsdelasomme.fr\\\/wp-content\\\/uploads\\\/2026\\\/02\\\/Affiche-Flesselles-2026.png\",\"contentUrl\":\"https:\\\/\\\/lesamisdesartsdelasomme.fr\\\/wp-content\\\/uploads\\\/2026\\\/02\\\/Affiche-Flesselles-2026.png\",\"width\":1587,\"height\":2245},{\"@type\":\"BreadcrumbList\",\"@id\":\"https:\\\/\\\/lesamisdesartsdelasomme.fr\\\/index.php\\\/actualite\\\/#breadcrumb\",\"itemListElement\":[{\"@type\":\"ListItem\",\"position\":1,\"name\":\"Accueil\",\"item\":\"https:\\\/\\\/lesamisdesartsdelasomme.fr\\\/\"},{\"@type\":\"ListItem\",\"position\":2,\"name\":\"Expositions\"}]},{\"@type\":\"WebSite\",\"@id\":\"https:\\\/\\\/lesamisdesartsdelasomme.fr\\\/#website\",\"url\":\"https:\\\/\\\/lesamisdesartsdelasomme.fr\\\/\",\"name\":\"Les Amis des Arts de la Somme\",\"description\":\"\",\"publisher\":{\"@id\":\"https:\\\/\\\/lesamisdesartsdelasomme.fr\\\/#organization\"},\"potentialAction\":[{\"@type\":\"SearchAction\",\"target\":{\"@type\":\"EntryPoint\",\"urlTemplate\":\"https:\\\/\\\/lesamisdesartsdelasomme.fr\\\/?s={search_term_string}\"},\"query-input\":{\"@type\":\"PropertyValueSpecification\",\"valueRequired\":true,\"valueName\":\"search_term_string\"}}],\"inLanguage\":\"fr-FR\"},{\"@type\":\"Organization\",\"@id\":\"https:\\\/\\\/lesamisdesartsdelasomme.fr\\\/#organization\",\"name\":\"Les Amis des Arts de la Somme\",\"url\":\"https:\\\/\\\/lesamisdesartsdelasomme.fr\\\/\",\"logo\":{\"@type\":\"ImageObject\",\"inLanguage\":\"fr-FR\",\"@id\":\"https:\\\/\\\/lesamisdesartsdelasomme.fr\\\/#\\\/schema\\\/logo\\\/image\\\/\",\"url\":\"https:\\\/\\\/lesamisdesartsdelasomme.fr\\\/wp-content\\\/uploads\\\/2024\\\/07\\\/logo.jpg\",\"contentUrl\":\"https:\\\/\\\/lesamisdesartsdelasomme.fr\\\/wp-content\\\/uploads\\\/2024\\\/07\\\/logo.jpg\",\"width\":397,\"height\":374,\"caption\":\"Les Amis des Arts de la Somme\"},\"image\":{\"@id\":\"https:\\\/\\\/lesamisdesartsdelasomme.fr\\\/#\\\/schema\\\/logo\\\/image\\\/\"},\"sameAs\":[\"https:\\\/\\\/www.facebook.com\\\/amisdesarts.somme.9\\\/?locale=fr_FR\"]}]}<\/script>\n<!-- \/ Yoast SEO plugin. -->","yoast_head_json":{"title":"Expositions - Les Amis des Arts de la Somme","robots":{"index":"index","follow":"follow","max-snippet":"max-snippet:-1","max-image-preview":"max-image-preview:large","max-video-preview":"max-video-preview:-1"},"canonical":"https:\/\/lesamisdesartsdelasomme.fr\/index.php\/actualite\/","og_locale":"fr_FR","og_type":"article","og_title":"Expositions - Les Amis des Arts de la Somme","og_description":"EXPOSITIONS 2026 115 \u00e8me \u00e9dition de Flesselles Mot du pr\u00e9sident EXPOSITIONS 2025","og_url":"https:\/\/lesamisdesartsdelasomme.fr\/index.php\/actualite\/","og_site_name":"Les Amis des Arts de la Somme","article_publisher":"https:\/\/www.facebook.com\/amisdesarts.somme.9\/?locale=fr_FR","article_modified_time":"2026-03-14T12:23:41+00:00","og_image":[{"width":1587,"height":2245,"url":"https:\/\/lesamisdesartsdelasomme.fr\/wp-content\/uploads\/2026\/02\/Affiche-Flesselles-2026.png","type":"image\/png"}],"twitter_card":"summary_large_image","twitter_misc":{"Dur\u00e9e de lecture estim\u00e9e":"1 minute"},"schema":{"@context":"https:\/\/schema.org","@graph":[{"@type":"WebPage","@id":"https:\/\/lesamisdesartsdelasomme.fr\/index.php\/actualite\/","url":"https:\/\/lesamisdesartsdelasomme.fr\/index.php\/actualite\/","name":"Expositions - Les Amis des Arts de la Somme","isPartOf":{"@id":"https:\/\/lesamisdesartsdelasomme.fr\/#website"},"primaryImageOfPage":{"@id":"https:\/\/lesamisdesartsdelasomme.fr\/index.php\/actualite\/#primaryimage"},"image":{"@id":"https:\/\/lesamisdesartsdelasomme.fr\/index.php\/actualite\/#primaryimage"},"thumbnailUrl":"http:\/\/lesamisdesartsdelasomme.fr\/wp-content\/uploads\/2026\/02\/Affiche-Flesselles-2026-724x1024.png","datePublished":"2026-03-13T17:00:17+00:00","dateModified":"2026-03-14T12:23:41+00:00","breadcrumb":{"@id":"https:\/\/lesamisdesartsdelasomme.fr\/index.php\/actualite\/#breadcrumb"},"inLanguage":"fr-FR","potentialAction":[{"@type":"ReadAction","target":["https:\/\/lesamisdesartsdelasomme.fr\/index.php\/actualite\/"]}]},{"@type":"ImageObject","inLanguage":"fr-FR","@id":"https:\/\/lesamisdesartsdelasomme.fr\/index.php\/actualite\/#primaryimage","url":"https:\/\/lesamisdesartsdelasomme.fr\/wp-content\/uploads\/2026\/02\/Affiche-Flesselles-2026.png","contentUrl":"https:\/\/lesamisdesartsdelasomme.fr\/wp-content\/uploads\/2026\/02\/Affiche-Flesselles-2026.png","width":1587,"height":2245},{"@type":"BreadcrumbList","@id":"https:\/\/lesamisdesartsdelasomme.fr\/index.php\/actualite\/#breadcrumb","itemListElement":[{"@type":"ListItem","position":1,"name":"Accueil","item":"https:\/\/lesamisdesartsdelasomme.fr\/"},{"@type":"ListItem","position":2,"name":"Expositions"}]},{"@type":"WebSite","@id":"https:\/\/lesamisdesartsdelasomme.fr\/#website","url":"https:\/\/lesamisdesartsdelasomme.fr\/","name":"Les Amis des Arts de la Somme","description":"","publisher":{"@id":"https:\/\/lesamisdesartsdelasomme.fr\/#organization"},"potentialAction":[{"@type":"SearchAction","target":{"@type":"EntryPoint","urlTemplate":"https:\/\/lesamisdesartsdelasomme.fr\/?s={search_term_string}"},"query-input":{"@type":"PropertyValueSpecification","valueRequired":true,"valueName":"search_term_string"}}],"inLanguage":"fr-FR"},{"@type":"Organization","@id":"https:\/\/lesamisdesartsdelasomme.fr\/#organization","name":"Les Amis des Arts de la Somme","url":"https:\/\/lesamisdesartsdelasomme.fr\/","logo":{"@type":"ImageObject","inLanguage":"fr-FR","@id":"https:\/\/lesamisdesartsdelasomme.fr\/#\/schema\/logo\/image\/","url":"https:\/\/lesamisdesartsdelasomme.fr\/wp-content\/uploads\/2024\/07\/logo.jpg","contentUrl":"https:\/\/lesamisdesartsdelasomme.fr\/wp-content\/uploads\/2024\/07\/logo.jpg","width":397,"height":374,"caption":"Les Amis des Arts de la Somme"},"image":{"@id":"https:\/\/lesamisdesartsdelasomme.fr\/#\/schema\/logo\/image\/"},"sameAs":["https:\/\/www.facebook.com\/amisdesarts.somme.9\/?locale=fr_FR"]}]}},"_links":{"self":[{"href":"https:\/\/lesamisdesartsdelasomme.fr\/index.php\/wp-json\/wp\/v2\/pages\/6","targetHints":{"allow":["GET"]}}],"collection":[{"href":"https:\/\/lesamisdesartsdelasomme.fr\/index.php\/wp-json\/wp\/v2\/pages"}],"about":[{"href":"https:\/\/lesamisdesartsdelasomme.fr\/index.php\/wp-json\/wp\/v2\/types\/page"}],"author":[{"embeddable":true,"href":"https:\/\/lesamisdesartsdelasomme.fr\/index.php\/wp-json\/wp\/v2\/users\/4"}],"replies":[{"embeddable":true,"href":"https:\/\/lesamisdesartsdelasomme.fr\/index.php\/wp-json\/wp\/v2\/comments?post=6"}],"version-history":[{"count":55,"href":"https:\/\/lesamisdesartsdelasomme.fr\/index.php\/wp-json\/wp\/v2\/pages\/6\/revisions"}],"predecessor-version":[{"id":1044,"href":"https:\/\/lesamisdesartsdelasomme.fr\/index.php\/wp-json\/wp\/v2\/pages\/6\/revisions\/1044"}],"wp:attachment":[{"href":"https:\/\/lesamisdesartsdelasomme.fr\/index.php\/wp-json\/wp\/v2\/media?parent=6"}],"curies":[{"name":"wp","href":"https:\/\/api.w.org\/{rel}","templated":true}]}}