{"id":7,"date":"2024-07-04T11:09:17","date_gmt":"2024-07-04T09:09:17","guid":{"rendered":"https:\/\/lesamisdesartsdelasomme.fr\/?page_id=7"},"modified":"2026-05-05T19:38:51","modified_gmt":"2026-05-05T17:38:51","slug":"exposer","status":"publish","type":"page","link":"https:\/\/lesamisdesartsdelasomme.fr\/index.php\/exposer\/","title":{"rendered":"Exposer \u00e0 la Dodane"},"content":{"rendered":"\n<div class=\"wp-block-columns is-layout-flex wp-container-core-columns-is-layout-28f84493 wp-block-columns-is-layout-flex\">\n<div class=\"wp-block-column is-layout-flow wp-block-column-is-layout-flow\">\n<div class=\"alignnormal\"><div id=\"metaslider-id-248\" style=\"max-width: 400px;\" class=\"ml-slider-3-109-0 metaslider metaslider-flex metaslider-248 ml-slider has-dots-nav ms-theme-default-base\" role=\"region\" aria-label=\"pr\u00e9sentation de la Dodane\" data-height=\"300\" data-width=\"400\">\n    <div id=\"metaslider_container_248\">\n        <div id=\"metaslider_248\">\n            <ul class='slides'>\n                <li style=\"display: block; width: 100%;\" class=\"slide-249 ms-image \" aria-roledescription=\"slide\" data-date=\"2024-11-24 14:08:50\" data-filename=\"actuelle.jpg\" data-slide-type=\"image\"><img decoding=\"async\" data-src=\"https:\/\/lesamisdesartsdelasomme.fr\/wp-content\/uploads\/2024\/11\/actuelle.jpg\" height=\"300\" width=\"400\" alt=\"\" class=\"slider-248 slide-249 msDefaultImage lazyload\" title=\"actuelle\" src=\"data:image\/svg+xml;base64,PHN2ZyB3aWR0aD0iMSIgaGVpZ2h0PSIxIiB4bWxucz0iaHR0cDovL3d3dy53My5vcmcvMjAwMC9zdmciPjwvc3ZnPg==\" style=\"--smush-placeholder-width: 400px; --smush-placeholder-aspect-ratio: 400\/300;\" \/><\/li>\n                <li style=\"display: none; width: 100%;\" class=\"slide-259 ms-image \" aria-roledescription=\"slide\" data-date=\"2024-11-24 15:01:53\" data-filename=\"dod2-400x300.jpg\" data-slide-type=\"image\"><img decoding=\"async\" data-src=\"https:\/\/lesamisdesartsdelasomme.fr\/wp-content\/uploads\/2024\/11\/dod2-400x300.jpg\" height=\"300\" width=\"400\" alt=\"\" class=\"slider-248 slide-259 msDefaultImage lazyload\" title=\"dod2\" src=\"data:image\/svg+xml;base64,PHN2ZyB3aWR0aD0iMSIgaGVpZ2h0PSIxIiB4bWxucz0iaHR0cDovL3d3dy53My5vcmcvMjAwMC9zdmciPjwvc3ZnPg==\" style=\"--smush-placeholder-width: 400px; --smush-placeholder-aspect-ratio: 400\/300;\" \/><\/li>\n                <li style=\"display: none; width: 100%;\" class=\"slide-261 ms-image \" aria-roledescription=\"slide\" data-date=\"2024-11-24 15:02:15\" data-filename=\"dod4-400x300.jpg\" data-slide-type=\"image\"><img decoding=\"async\" data-src=\"https:\/\/lesamisdesartsdelasomme.fr\/wp-content\/uploads\/2024\/11\/dod4-400x300.jpg\" height=\"300\" width=\"400\" alt=\"\" class=\"slider-248 slide-261 msDefaultImage lazyload\" title=\"dod4\" src=\"data:image\/svg+xml;base64,PHN2ZyB3aWR0aD0iMSIgaGVpZ2h0PSIxIiB4bWxucz0iaHR0cDovL3d3dy53My5vcmcvMjAwMC9zdmciPjwvc3ZnPg==\" style=\"--smush-placeholder-width: 400px; --smush-placeholder-aspect-ratio: 400\/300;\" \/><\/li>\n                <li style=\"display: none; width: 100%;\" class=\"slide-263 ms-image \" aria-roledescription=\"slide\" data-date=\"2024-11-24 15:02:39\" data-filename=\"dod5-400x300.jpg\" data-slide-type=\"image\"><img decoding=\"async\" data-src=\"https:\/\/lesamisdesartsdelasomme.fr\/wp-content\/uploads\/2024\/11\/dod5-400x300.jpg\" height=\"300\" width=\"400\" alt=\"\" class=\"slider-248 slide-263 msDefaultImage lazyload\" title=\"dod5\" src=\"data:image\/svg+xml;base64,PHN2ZyB3aWR0aD0iMSIgaGVpZ2h0PSIxIiB4bWxucz0iaHR0cDovL3d3dy53My5vcmcvMjAwMC9zdmciPjwvc3ZnPg==\" style=\"--smush-placeholder-width: 400px; --smush-placeholder-aspect-ratio: 400\/300;\" \/><\/li>\n                <li style=\"display: none; width: 100%;\" class=\"slide-271 ms-image \" aria-roledescription=\"slide\" data-date=\"2024-11-24 15:03:39\" data-filename=\"dod6-400x300.jpg\" data-slide-type=\"image\"><img decoding=\"async\" data-src=\"https:\/\/lesamisdesartsdelasomme.fr\/wp-content\/uploads\/2024\/11\/dod6-400x300.jpg\" height=\"300\" width=\"400\" alt=\"\" class=\"slider-248 slide-271 msDefaultImage lazyload\" title=\"dod6\" src=\"data:image\/svg+xml;base64,PHN2ZyB3aWR0aD0iMSIgaGVpZ2h0PSIxIiB4bWxucz0iaHR0cDovL3d3dy53My5vcmcvMjAwMC9zdmciPjwvc3ZnPg==\" style=\"--smush-placeholder-width: 400px; --smush-placeholder-aspect-ratio: 400\/300;\" \/><\/li>\n                <li style=\"display: none; width: 100%;\" class=\"slide-272 ms-image \" aria-roledescription=\"slide\" data-date=\"2024-11-24 15:03:40\" data-filename=\"dod7-400x300.jpg\" data-slide-type=\"image\"><img decoding=\"async\" data-src=\"https:\/\/lesamisdesartsdelasomme.fr\/wp-content\/uploads\/2024\/11\/dod7-400x300.jpg\" height=\"300\" width=\"400\" alt=\"\" class=\"slider-248 slide-272 msDefaultImage lazyload\" title=\"dod7\" src=\"data:image\/svg+xml;base64,PHN2ZyB3aWR0aD0iMSIgaGVpZ2h0PSIxIiB4bWxucz0iaHR0cDovL3d3dy53My5vcmcvMjAwMC9zdmciPjwvc3ZnPg==\" style=\"--smush-placeholder-width: 400px; --smush-placeholder-aspect-ratio: 400\/300;\" \/><\/li>\n                <li style=\"display: none; width: 100%;\" class=\"slide-273 ms-image \" aria-roledescription=\"slide\" data-date=\"2024-11-24 15:03:40\" data-filename=\"dod8-400x300.jpg\" data-slide-type=\"image\"><img decoding=\"async\" data-src=\"https:\/\/lesamisdesartsdelasomme.fr\/wp-content\/uploads\/2024\/11\/dod8-400x300.jpg\" height=\"300\" width=\"400\" alt=\"\" class=\"slider-248 slide-273 msDefaultImage lazyload\" title=\"dod8\" src=\"data:image\/svg+xml;base64,PHN2ZyB3aWR0aD0iMSIgaGVpZ2h0PSIxIiB4bWxucz0iaHR0cDovL3d3dy53My5vcmcvMjAwMC9zdmciPjwvc3ZnPg==\" style=\"--smush-placeholder-width: 400px; --smush-placeholder-aspect-ratio: 400\/300;\" \/><\/li>\n                <li style=\"display: none; width: 100%;\" class=\"slide-274 ms-image \" aria-roledescription=\"slide\" data-date=\"2024-11-24 15:03:40\" data-filename=\"dod9-400x300.jpg\" data-slide-type=\"image\"><img decoding=\"async\" data-src=\"https:\/\/lesamisdesartsdelasomme.fr\/wp-content\/uploads\/2024\/11\/dod9-400x300.jpg\" height=\"300\" width=\"400\" alt=\"\" class=\"slider-248 slide-274 msDefaultImage lazyload\" title=\"dod9\" src=\"data:image\/svg+xml;base64,PHN2ZyB3aWR0aD0iMSIgaGVpZ2h0PSIxIiB4bWxucz0iaHR0cDovL3d3dy53My5vcmcvMjAwMC9zdmciPjwvc3ZnPg==\" style=\"--smush-placeholder-width: 400px; --smush-placeholder-aspect-ratio: 400\/300;\" \/><\/li>\n                <li style=\"display: none; width: 100%;\" class=\"slide-275 ms-image \" aria-roledescription=\"slide\" data-date=\"2024-11-24 15:03:40\" data-filename=\"dod10-400x300.jpg\" data-slide-type=\"image\"><img decoding=\"async\" data-src=\"https:\/\/lesamisdesartsdelasomme.fr\/wp-content\/uploads\/2024\/11\/dod10-400x300.jpg\" height=\"300\" width=\"400\" alt=\"\" class=\"slider-248 slide-275 msDefaultImage lazyload\" title=\"dod10\" src=\"data:image\/svg+xml;base64,PHN2ZyB3aWR0aD0iMSIgaGVpZ2h0PSIxIiB4bWxucz0iaHR0cDovL3d3dy53My5vcmcvMjAwMC9zdmciPjwvc3ZnPg==\" style=\"--smush-placeholder-width: 400px; --smush-placeholder-aspect-ratio: 400\/300;\" \/><\/li>\n                <li style=\"display: none; width: 100%;\" class=\"slide-276 ms-image \" aria-roledescription=\"slide\" data-date=\"2024-11-24 15:03:40\" data-filename=\"dod11-400x300.jpg\" data-slide-type=\"image\"><img decoding=\"async\" data-src=\"https:\/\/lesamisdesartsdelasomme.fr\/wp-content\/uploads\/2024\/11\/dod11-400x300.jpg\" height=\"300\" width=\"400\" alt=\"\" class=\"slider-248 slide-276 msDefaultImage lazyload\" title=\"dod11\" src=\"data:image\/svg+xml;base64,PHN2ZyB3aWR0aD0iMSIgaGVpZ2h0PSIxIiB4bWxucz0iaHR0cDovL3d3dy53My5vcmcvMjAwMC9zdmciPjwvc3ZnPg==\" style=\"--smush-placeholder-width: 400px; --smush-placeholder-aspect-ratio: 400\/300;\" \/><\/li>\n                <li style=\"display: none; width: 100%;\" class=\"slide-277 ms-image \" aria-roledescription=\"slide\" data-date=\"2024-11-24 15:03:40\" data-filename=\"dod12-400x300.jpg\" data-slide-type=\"image\"><img decoding=\"async\" data-src=\"https:\/\/lesamisdesartsdelasomme.fr\/wp-content\/uploads\/2024\/11\/dod12-400x300.jpg\" height=\"300\" width=\"400\" alt=\"\" class=\"slider-248 slide-277 msDefaultImage lazyload\" title=\"dod12\" src=\"data:image\/svg+xml;base64,PHN2ZyB3aWR0aD0iMSIgaGVpZ2h0PSIxIiB4bWxucz0iaHR0cDovL3d3dy53My5vcmcvMjAwMC9zdmciPjwvc3ZnPg==\" style=\"--smush-placeholder-width: 400px; --smush-placeholder-aspect-ratio: 400\/300;\" \/><\/li>\n            <\/ul>\n        <\/div>\n        \n    <\/div>\n<\/div><\/div>\n<\/div>\n\n\n\n<div class=\"wp-block-column is-vertically-aligned-center is-layout-flow wp-block-column-is-layout-flow\">\n<p class=\"has-text-align-left has-medium-font-size\">La Dodane est mise \u00e0 disposition des soci\u00e9taires \u00e0 jour de leur cotisation, afin d&rsquo;y organiser des expositions artistiques de peinture, sculpture, photographie ou mosa\u00efque.                                                                                         Cette salle est situ\u00e9e au 15\/17 rue de la Dodane , au coeur du quartier touristique Saint-Leu \u00e0 Amiens<\/p>\n<\/div>\n<\/div>\n\n\n\n<p class=\"has-large-font-size\"><strong>Renseignements concernant la mise \u00e0 disposition :<\/strong><\/p>\n\n\n\n<ul class=\"wp-block-list\">\n<li class=\"has-vivid-red-color has-text-color has-link-color has-large-font-size wp-elements-7667531e837bb3ffc8d298651549de7f\"><em><a href=\"https:\/\/lesamisdesartsdelasomme.fr\/wp-content\/uploads\/2025\/12\/reglement-interieur-et-cahier-des-charges.pdf\">R\u00e9glement int\u00e9rieur et cahier des charges<\/a><\/em><\/li>\n\n\n\n<li class=\"has-link-color has-large-font-size wp-elements-a0abf92417ebe34dfd04c36974f4dfd3\"><em><a href=\"https:\/\/lesamisdesartsdelasomme.fr\/index.php\/2025\/02\/07\/consignes-dutilisation\/\">Consignes <\/a><a href=\"https:\/\/lesamisdesartsdelasomme.fr\/wp-content\/uploads\/2025\/12\/consignes.pdf\">d&rsquo;utilisation<\/a><\/em><\/li>\n\n\n\n<li class=\"has-link-color has-large-font-size wp-elements-9be90ede224b49bd76ac338d964621e7\"><em><a href=\"https:\/\/lesamisdesartsdelasomme.fr\/wp-content\/uploads\/2025\/12\/formulaire-dengagement.pdf\">Formulaire d&rsquo;engagement<\/a><\/em><\/li>\n\n\n\n<li class=\"has-link-color has-large-font-size wp-elements-395b323865e663dcacb7dca9b4bb0497\"><em><a href=\"http:\/\/lesamisdesartsdelasomme.fr\/wp-content\/uploads\/2026\/05\/calendrier-2026_-05-05.pdf\">Calendrier<\/a><\/em><\/li>\n<\/ul>\n\n\n\n<p>Si vous d\u00e9sirez r\u00e9server une p\u00e9riode de mise \u00e0 disposition, il vous suffit de remplir, apr\u00e8s l&rsquo;avoir t\u00e9l\u00e9charg\u00e9, le formulaire d&rsquo;engagement et de le renvoyer:<\/p>\n\n\n\n<p class=\"has-large-font-size\">Soit par voie postale \u00e0 : <strong>Les Amis des Arts de la Somme \u2013 15\/17 Rue de la Dodane \u2013 80000 AMIENS<\/strong><\/p>\n\n\n\n<p class=\"has-large-font-size\">Soit par mail \u00e0: <strong>lesamisdesartsdelasomme@gmail.com<\/strong><\/p>\n\n\n\n<ul class=\"wp-block-list\">\n<li class=\"has-large-font-size\" style=\"border-radius:50px;margin-top:0;margin-right:0;margin-bottom:0;margin-left:0\"><strong>Les moyens de r\u00e8glement:<\/strong><\/li>\n<\/ul>\n\n\n\n<p>Les Amis des Arts de la Somme<\/p>\n\n\n\n<p><strong>CH\u00c8QUE:<\/strong> Ch\u00e8que \u00e0 \u00e9tablir \u00e0 l&rsquo;ordre de: Les Amis des Arts de la Somme<\/p>\n\n\n\n<p><strong>VIREMENT<\/strong>:         \u00c9tablir votre virement au profit du compte:<\/p>\n\n\n\n<p class=\"has-text-align-center\"><br><em><strong>AMIS DES ARTS DE LA SOMME<\/strong><\/em><\/p>\n\n\n\n<p class=\"has-text-align-center\"><em><strong> CRCAM BRIE PICARDIE    BIC: AGRIFRPP887        IBAN: FR76 18706 00000 48287300123 46<\/strong><\/em><\/p>\n\n\n\n<hr class=\"wp-block-separator has-text-color has-background-color has-alpha-channel-opacity has-background-background-color has-background is-style-wide\" style=\"margin-top:var(--wp--preset--spacing--50);margin-bottom:var(--wp--preset--spacing--50)\"\/>\n\n\n\n<div class=\"wp-block-buttons is-content-justification-right is-layout-flex wp-container-core-buttons-is-layout-d445cf74 wp-block-buttons-is-layout-flex\">\n<div class=\"wp-block-button\"><a class=\"wp-block-button__link wp-element-button\" href=\"https:\/\/lesamisdesartsdelasomme.fr\/\">Retour \u00e0 la page d&rsquo;accueil<\/a><\/div>\n<\/div>\n\n\n\n<p><\/p>\n","protected":false},"excerpt":{"rendered":"<p>La Dodane est mise \u00e0 disposition des soci\u00e9taires \u00e0 jour de leur cotisation, afin d&rsquo;y organiser des expositions artistiques de peinture, sculpture, photographie ou mosa\u00efque. Cette salle est situ\u00e9e au [&hellip;]<\/p>\n","protected":false},"author":1,"featured_media":0,"parent":0,"menu_order":0,"comment_status":"closed","ping_status":"closed","template":"","meta":{"_EventAllDay":false,"_EventTimezone":"","_EventStartDate":"","_EventEndDate":"","_EventStartDateUTC":"","_EventEndDateUTC":"","_EventShowMap":false,"_EventShowMapLink":false,"_EventURL":"","_EventCost":"","_EventCostDescription":"","_EventCurrencySymbol":"","_EventCurrencyCode":"","_EventCurrencyPosition":"","_EventDateTimeSeparator":"","_EventTimeRangeSeparator":"","_EventOrganizerID":[],"_EventVenueID":[],"_OrganizerEmail":"","_OrganizerPhone":"","_OrganizerWebsite":"","_VenueAddress":"","_VenueCity":"","_VenueCountry":"","_VenueProvince":"","_VenueState":"","_VenueZip":"","_VenuePhone":"","_VenueURL":"","_VenueStateProvince":"","_VenueLat":"","_VenueLng":"","_VenueShowMap":false,"_VenueShowMapLink":false,"footnotes":""},"class_list":["post-7","page","type-page","status-publish","hentry"],"yoast_head":"<!-- This site is optimized with the Yoast SEO plugin v27.6 - https:\/\/yoast.com\/product\/yoast-seo-wordpress\/ -->\n<title>Exposer \u00e0 la Dodane - Les Amis des Arts de la Somme<\/title>\n<meta name=\"robots\" content=\"index, follow, max-snippet:-1, max-image-preview:large, max-video-preview:-1\" \/>\n<link rel=\"canonical\" href=\"https:\/\/lesamisdesartsdelasomme.fr\/index.php\/exposer\/\" \/>\n<meta property=\"og:locale\" content=\"fr_FR\" \/>\n<meta property=\"og:type\" content=\"article\" \/>\n<meta property=\"og:title\" content=\"Exposer \u00e0 la Dodane - Les Amis des Arts de la Somme\" \/>\n<meta property=\"og:description\" content=\"La Dodane est mise \u00e0 disposition des soci\u00e9taires \u00e0 jour de leur cotisation, afin d&rsquo;y organiser des expositions artistiques de peinture, sculpture, photographie ou mosa\u00efque. Cette salle est situ\u00e9e au [&hellip;]\" \/>\n<meta property=\"og:url\" content=\"https:\/\/lesamisdesartsdelasomme.fr\/index.php\/exposer\/\" \/>\n<meta property=\"og:site_name\" content=\"Les Amis des Arts de la Somme\" \/>\n<meta property=\"article:publisher\" content=\"https:\/\/www.facebook.com\/amisdesarts.somme.9\/?locale=fr_FR\" \/>\n<meta property=\"article:modified_time\" content=\"2026-05-05T17:38:51+00:00\" \/>\n<meta name=\"twitter:card\" content=\"summary_large_image\" \/>\n<meta name=\"twitter:label1\" content=\"Dur\u00e9e de lecture estim\u00e9e\" \/>\n\t<meta name=\"twitter:data1\" content=\"1 minute\" \/>\n<script type=\"application\/ld+json\" class=\"yoast-schema-graph\">{\"@context\":\"https:\\\/\\\/schema.org\",\"@graph\":[{\"@type\":\"WebPage\",\"@id\":\"https:\\\/\\\/lesamisdesartsdelasomme.fr\\\/index.php\\\/exposer\\\/\",\"url\":\"https:\\\/\\\/lesamisdesartsdelasomme.fr\\\/index.php\\\/exposer\\\/\",\"name\":\"Exposer \u00e0 la Dodane - Les Amis des Arts de la Somme\",\"isPartOf\":{\"@id\":\"https:\\\/\\\/lesamisdesartsdelasomme.fr\\\/#website\"},\"datePublished\":\"2024-07-04T09:09:17+00:00\",\"dateModified\":\"2026-05-05T17:38:51+00:00\",\"breadcrumb\":{\"@id\":\"https:\\\/\\\/lesamisdesartsdelasomme.fr\\\/index.php\\\/exposer\\\/#breadcrumb\"},\"inLanguage\":\"fr-FR\",\"potentialAction\":[{\"@type\":\"ReadAction\",\"target\":[\"https:\\\/\\\/lesamisdesartsdelasomme.fr\\\/index.php\\\/exposer\\\/\"]}]},{\"@type\":\"BreadcrumbList\",\"@id\":\"https:\\\/\\\/lesamisdesartsdelasomme.fr\\\/index.php\\\/exposer\\\/#breadcrumb\",\"itemListElement\":[{\"@type\":\"ListItem\",\"position\":1,\"name\":\"Accueil\",\"item\":\"https:\\\/\\\/lesamisdesartsdelasomme.fr\\\/\"},{\"@type\":\"ListItem\",\"position\":2,\"name\":\"Exposer \u00e0 la Dodane\"}]},{\"@type\":\"WebSite\",\"@id\":\"https:\\\/\\\/lesamisdesartsdelasomme.fr\\\/#website\",\"url\":\"https:\\\/\\\/lesamisdesartsdelasomme.fr\\\/\",\"name\":\"Les Amis des Arts de la Somme\",\"description\":\"\",\"publisher\":{\"@id\":\"https:\\\/\\\/lesamisdesartsdelasomme.fr\\\/#organization\"},\"potentialAction\":[{\"@type\":\"SearchAction\",\"target\":{\"@type\":\"EntryPoint\",\"urlTemplate\":\"https:\\\/\\\/lesamisdesartsdelasomme.fr\\\/?s={search_term_string}\"},\"query-input\":{\"@type\":\"PropertyValueSpecification\",\"valueRequired\":true,\"valueName\":\"search_term_string\"}}],\"inLanguage\":\"fr-FR\"},{\"@type\":\"Organization\",\"@id\":\"https:\\\/\\\/lesamisdesartsdelasomme.fr\\\/#organization\",\"name\":\"Les Amis des Arts de la Somme\",\"url\":\"https:\\\/\\\/lesamisdesartsdelasomme.fr\\\/\",\"logo\":{\"@type\":\"ImageObject\",\"inLanguage\":\"fr-FR\",\"@id\":\"https:\\\/\\\/lesamisdesartsdelasomme.fr\\\/#\\\/schema\\\/logo\\\/image\\\/\",\"url\":\"https:\\\/\\\/lesamisdesartsdelasomme.fr\\\/wp-content\\\/uploads\\\/2024\\\/07\\\/logo.jpg\",\"contentUrl\":\"https:\\\/\\\/lesamisdesartsdelasomme.fr\\\/wp-content\\\/uploads\\\/2024\\\/07\\\/logo.jpg\",\"width\":397,\"height\":374,\"caption\":\"Les Amis des Arts de la Somme\"},\"image\":{\"@id\":\"https:\\\/\\\/lesamisdesartsdelasomme.fr\\\/#\\\/schema\\\/logo\\\/image\\\/\"},\"sameAs\":[\"https:\\\/\\\/www.facebook.com\\\/amisdesarts.somme.9\\\/?locale=fr_FR\"]}]}<\/script>\n<!-- \/ Yoast SEO plugin. -->","yoast_head_json":{"title":"Exposer \u00e0 la Dodane - Les Amis des Arts de la Somme","robots":{"index":"index","follow":"follow","max-snippet":"max-snippet:-1","max-image-preview":"max-image-preview:large","max-video-preview":"max-video-preview:-1"},"canonical":"https:\/\/lesamisdesartsdelasomme.fr\/index.php\/exposer\/","og_locale":"fr_FR","og_type":"article","og_title":"Exposer \u00e0 la Dodane - Les Amis des Arts de la Somme","og_description":"La Dodane est mise \u00e0 disposition des soci\u00e9taires \u00e0 jour de leur cotisation, afin d&rsquo;y organiser des expositions artistiques de peinture, sculpture, photographie ou mosa\u00efque. Cette salle est situ\u00e9e au [&hellip;]","og_url":"https:\/\/lesamisdesartsdelasomme.fr\/index.php\/exposer\/","og_site_name":"Les Amis des Arts de la Somme","article_publisher":"https:\/\/www.facebook.com\/amisdesarts.somme.9\/?locale=fr_FR","article_modified_time":"2026-05-05T17:38:51+00:00","twitter_card":"summary_large_image","twitter_misc":{"Dur\u00e9e de lecture estim\u00e9e":"1 minute"},"schema":{"@context":"https:\/\/schema.org","@graph":[{"@type":"WebPage","@id":"https:\/\/lesamisdesartsdelasomme.fr\/index.php\/exposer\/","url":"https:\/\/lesamisdesartsdelasomme.fr\/index.php\/exposer\/","name":"Exposer \u00e0 la Dodane - Les Amis des Arts de la Somme","isPartOf":{"@id":"https:\/\/lesamisdesartsdelasomme.fr\/#website"},"datePublished":"2024-07-04T09:09:17+00:00","dateModified":"2026-05-05T17:38:51+00:00","breadcrumb":{"@id":"https:\/\/lesamisdesartsdelasomme.fr\/index.php\/exposer\/#breadcrumb"},"inLanguage":"fr-FR","potentialAction":[{"@type":"ReadAction","target":["https:\/\/lesamisdesartsdelasomme.fr\/index.php\/exposer\/"]}]},{"@type":"BreadcrumbList","@id":"https:\/\/lesamisdesartsdelasomme.fr\/index.php\/exposer\/#breadcrumb","itemListElement":[{"@type":"ListItem","position":1,"name":"Accueil","item":"https:\/\/lesamisdesartsdelasomme.fr\/"},{"@type":"ListItem","position":2,"name":"Exposer \u00e0 la Dodane"}]},{"@type":"WebSite","@id":"https:\/\/lesamisdesartsdelasomme.fr\/#website","url":"https:\/\/lesamisdesartsdelasomme.fr\/","name":"Les Amis des Arts de la Somme","description":"","publisher":{"@id":"https:\/\/lesamisdesartsdelasomme.fr\/#organization"},"potentialAction":[{"@type":"SearchAction","target":{"@type":"EntryPoint","urlTemplate":"https:\/\/lesamisdesartsdelasomme.fr\/?s={search_term_string}"},"query-input":{"@type":"PropertyValueSpecification","valueRequired":true,"valueName":"search_term_string"}}],"inLanguage":"fr-FR"},{"@type":"Organization","@id":"https:\/\/lesamisdesartsdelasomme.fr\/#organization","name":"Les Amis des Arts de la Somme","url":"https:\/\/lesamisdesartsdelasomme.fr\/","logo":{"@type":"ImageObject","inLanguage":"fr-FR","@id":"https:\/\/lesamisdesartsdelasomme.fr\/#\/schema\/logo\/image\/","url":"https:\/\/lesamisdesartsdelasomme.fr\/wp-content\/uploads\/2024\/07\/logo.jpg","contentUrl":"https:\/\/lesamisdesartsdelasomme.fr\/wp-content\/uploads\/2024\/07\/logo.jpg","width":397,"height":374,"caption":"Les Amis des Arts de la Somme"},"image":{"@id":"https:\/\/lesamisdesartsdelasomme.fr\/#\/schema\/logo\/image\/"},"sameAs":["https:\/\/www.facebook.com\/amisdesarts.somme.9\/?locale=fr_FR"]}]}},"_links":{"self":[{"href":"https:\/\/lesamisdesartsdelasomme.fr\/index.php\/wp-json\/wp\/v2\/pages\/7","targetHints":{"allow":["GET"]}}],"collection":[{"href":"https:\/\/lesamisdesartsdelasomme.fr\/index.php\/wp-json\/wp\/v2\/pages"}],"about":[{"href":"https:\/\/lesamisdesartsdelasomme.fr\/index.php\/wp-json\/wp\/v2\/types\/page"}],"author":[{"embeddable":true,"href":"https:\/\/lesamisdesartsdelasomme.fr\/index.php\/wp-json\/wp\/v2\/users\/1"}],"replies":[{"embeddable":true,"href":"https:\/\/lesamisdesartsdelasomme.fr\/index.php\/wp-json\/wp\/v2\/comments?post=7"}],"version-history":[{"count":56,"href":"https:\/\/lesamisdesartsdelasomme.fr\/index.php\/wp-json\/wp\/v2\/pages\/7\/revisions"}],"predecessor-version":[{"id":1398,"href":"https:\/\/lesamisdesartsdelasomme.fr\/index.php\/wp-json\/wp\/v2\/pages\/7\/revisions\/1398"}],"wp:attachment":[{"href":"https:\/\/lesamisdesartsdelasomme.fr\/index.php\/wp-json\/wp\/v2\/media?parent=7"}],"curies":[{"name":"wp","href":"https:\/\/api.w.org\/{rel}","templated":true}]}}