{"id":908,"date":"2026-03-03T18:57:11","date_gmt":"2026-03-03T17:57:11","guid":{"rendered":"https:\/\/lesamisdesartsdelasomme.fr\/?page_id=908"},"modified":"2026-03-14T13:27:03","modified_gmt":"2026-03-14T12:27:03","slug":"exposition-flesselles-2026","status":"publish","type":"page","link":"https:\/\/lesamisdesartsdelasomme.fr\/index.php\/exposition-flesselles-2026\/","title":{"rendered":"Exposition Flesselles 2026"},"content":{"rendered":"\n<h2 class=\"wp-block-heading has-text-align-center\"><strong>Exposition Flesselles 2026<\/strong><\/h2>\n\n\n\n<p class=\"has-vivid-purple-color has-text-color has-link-color has-x-large-font-size wp-elements-005efa229b9847f669a63df483b4b9e7\"><a href=\"https:\/\/lesamisdesartsdelasomme.fr\/index.php\/2025\/01\/17\/flesselles-mot-du-president\/\"><strong>Mot du pr\u00e9sident<\/strong><\/a><\/p>\n\n\n\n<p><\/p>\n\n\n\n<div class=\"wp-block-columns is-layout-flex wp-container-core-columns-is-layout-28f84493 wp-block-columns-is-layout-flex\">\n<div class=\"wp-block-column is-vertically-aligned-center is-layout-flow wp-block-column-is-layout-flow\"><a href=\"https:\/\/lesamisdesartsdelasomme.fr\/wp-content\/uploads\/2026\/02\/Reglement-Chateau-de-Flesselles-2026.pdf\" class=\"pdfemb-viewer\" style=\"\" data-width=\"max\" data-height=\"max\" data-toolbar=\"bottom\" data-toolbar-fixed=\"off\">Reglement-Chateau-de-Flesselles-2026<\/a>\n\n\n<div class=\"wp-block-buttons is-layout-flex wp-block-buttons-is-layout-flex\">\n<div class=\"wp-block-button is-style-outline is-style-outline--1\"><a class=\"wp-block-button__link has-vivid-cyan-blue-color has-text-color has-link-color has-large-font-size has-custom-font-size wp-element-button\" href=\"http:\/\/lesamisdesartsdelasomme.fr\/wp-content\/uploads\/2026\/02\/Reglement-Chateau-de-Flesselles-2026.pdf\" style=\"border-top-left-radius:10px;border-top-right-radius:10px;border-bottom-left-radius:10px;border-bottom-right-radius:10px\"><strong>T\u00e9l\u00e9charger le r\u00e8glement<\/strong><\/a><\/div>\n<\/div>\n\n\n<a href=\"https:\/\/lesamisdesartsdelasomme.fr\/wp-content\/uploads\/2026\/02\/Bulletin-dinscription-Flesselles-2026.pdf\" class=\"pdfemb-viewer\" style=\"\" data-width=\"max\" data-height=\"max\" data-toolbar=\"bottom\" data-toolbar-fixed=\"off\">Bulletin-dinscription-Flesselles-2026<\/a>\n\n\n<div class=\"wp-block-buttons is-layout-flex wp-block-buttons-is-layout-flex\">\n<div class=\"wp-block-button is-style-outline is-style-outline--2\"><a class=\"wp-block-button__link has-vivid-red-color has-text-color has-link-color has-large-font-size has-text-align-left has-custom-font-size wp-element-button\" href=\"https:\/\/lesamisdesartsdelasomme.fr\/wp-content\/uploads\/2026\/02\/Bulletin-dinscription-Flesselles-2026.pdf\" style=\"border-top-left-radius:10px;border-top-right-radius:10px;border-bottom-left-radius:10px;border-bottom-right-radius:10px\"><strong>T\u00e9l\u00e9charger le bulletin d&rsquo;inscription<\/strong><\/a><\/div>\n<\/div>\n<\/div>\n\n\n\n<div class=\"wp-block-column is-layout-flow wp-block-column-is-layout-flow\">\n<figure class=\"wp-block-image size-large\"><img decoding=\"async\" width=\"724\" height=\"1024\" data-src=\"http:\/\/lesamisdesartsdelasomme.fr\/wp-content\/uploads\/2026\/02\/Affiche-Flesselles-2026-724x1024.png\" alt=\"\" class=\"wp-image-804 lazyload\" data-srcset=\"https:\/\/lesamisdesartsdelasomme.fr\/wp-content\/uploads\/2026\/02\/Affiche-Flesselles-2026-724x1024.png 724w, https:\/\/lesamisdesartsdelasomme.fr\/wp-content\/uploads\/2026\/02\/Affiche-Flesselles-2026-212x300.png 212w, https:\/\/lesamisdesartsdelasomme.fr\/wp-content\/uploads\/2026\/02\/Affiche-Flesselles-2026-768x1086.png 768w, https:\/\/lesamisdesartsdelasomme.fr\/wp-content\/uploads\/2026\/02\/Affiche-Flesselles-2026-1086x1536.png 1086w, https:\/\/lesamisdesartsdelasomme.fr\/wp-content\/uploads\/2026\/02\/Affiche-Flesselles-2026-1448x2048.png 1448w, https:\/\/lesamisdesartsdelasomme.fr\/wp-content\/uploads\/2026\/02\/Affiche-Flesselles-2026-1320x1867.png 1320w, https:\/\/lesamisdesartsdelasomme.fr\/wp-content\/uploads\/2026\/02\/Affiche-Flesselles-2026.png 1587w\" data-sizes=\"(max-width: 724px) 100vw, 724px\" src=\"data:image\/svg+xml;base64,PHN2ZyB3aWR0aD0iMSIgaGVpZ2h0PSIxIiB4bWxucz0iaHR0cDovL3d3dy53My5vcmcvMjAwMC9zdmciPjwvc3ZnPg==\" style=\"--smush-placeholder-width: 724px; --smush-placeholder-aspect-ratio: 724\/1024;\" \/><\/figure>\n<\/div>\n<\/div>\n\n\n\n<p><\/p>\n\n\n\n<div class=\"wp-block-columns is-layout-flex wp-container-core-columns-is-layout-28f84493 wp-block-columns-is-layout-flex\">\n<div class=\"wp-block-column is-layout-flow wp-block-column-is-layout-flow\">\n<p><\/p>\n<\/div>\n<\/div>\n\n\n\n<div class=\"wp-block-columns is-layout-flex wp-container-core-columns-is-layout-28f84493 wp-block-columns-is-layout-flex\">\n<div class=\"wp-block-column is-layout-flow wp-block-column-is-layout-flow\" style=\"flex-basis:66.66%\">\n<p class=\"has-text-align-center has-large-font-size\">En cas de probl\u00e8me, n&rsquo;h\u00e9sitez pas \u00e0 nous contacter<\/p>\n<\/div>\n\n\n\n<div class=\"wp-block-column is-layout-flow wp-block-column-is-layout-flow\" style=\"flex-basis:33.33%\">\n<div class=\"wp-block-buttons is-content-justification-space-between is-layout-flex wp-container-core-buttons-is-layout-b2891da8 wp-block-buttons-is-layout-flex\">\n<div class=\"wp-block-button is-style-outline is-style-outline--3\"><a class=\"wp-block-button__link has-vivid-cyan-blue-color has-text-color has-link-color has-text-align-center wp-element-button\" href=\"https:\/\/lesamisdesartsdelasomme.fr\/index.php\/contacter-le-secretariat-de-lassociation\/\" style=\"border-top-left-radius:10px;border-top-right-radius:10px;border-bottom-left-radius:10px;border-bottom-right-radius:10px\"><strong>Contact<\/strong><\/a><\/div>\n<\/div>\n<\/div>\n<\/div>\n\n\n\n<hr class=\"wp-block-separator has-text-color has-background-color has-alpha-channel-opacity has-background-background-color has-background is-style-wide\" style=\"margin-top:var(--wp--preset--spacing--50);margin-bottom:var(--wp--preset--spacing--50)\"\/>\n\n\n\n<div class=\"wp-block-columns is-layout-flex wp-container-core-columns-is-layout-28f84493 wp-block-columns-is-layout-flex\">\n<div class=\"wp-block-column is-layout-flow wp-block-column-is-layout-flow\"><\/div>\n\n\n\n<div class=\"wp-block-column is-layout-flow wp-block-column-is-layout-flow\">\n<div class=\"wp-block-buttons is-content-justification-right is-layout-flex wp-container-core-buttons-is-layout-d445cf74 wp-block-buttons-is-layout-flex\">\n<div class=\"wp-block-button\"><a class=\"wp-block-button__link wp-element-button\" href=\"https:\/\/lesamisdesartsdelasomme.fr\/\">Retour \u00e0 la page d&rsquo;accueil<\/a><\/div>\n<\/div>\n<\/div>\n<\/div>\n\n\n\n<p><\/p>\n","protected":false},"excerpt":{"rendered":"<p>Exposition Flesselles 2026 Mot du pr\u00e9sident En cas de probl\u00e8me, n&rsquo;h\u00e9sitez pas \u00e0 nous contacter<\/p>\n","protected":false},"author":4,"featured_media":0,"parent":0,"menu_order":0,"comment_status":"closed","ping_status":"closed","template":"","meta":{"_EventAllDay":false,"_EventTimezone":"","_EventStartDate":"","_EventEndDate":"","_EventStartDateUTC":"","_EventEndDateUTC":"","_EventShowMap":false,"_EventShowMapLink":false,"_EventURL":"","_EventCost":"","_EventCostDescription":"","_EventCurrencySymbol":"","_EventCurrencyCode":"","_EventCurrencyPosition":"","_EventDateTimeSeparator":"","_EventTimeRangeSeparator":"","_EventOrganizerID":[],"_EventVenueID":[],"_OrganizerEmail":"","_OrganizerPhone":"","_OrganizerWebsite":"","_VenueAddress":"","_VenueCity":"","_VenueCountry":"","_VenueProvince":"","_VenueState":"","_VenueZip":"","_VenuePhone":"","_VenueURL":"","_VenueStateProvince":"","_VenueLat":"","_VenueLng":"","_VenueShowMap":false,"_VenueShowMapLink":false,"footnotes":""},"class_list":["post-908","page","type-page","status-publish","hentry"],"yoast_head":"<!-- This site is optimized with the Yoast SEO plugin v27.4 - https:\/\/yoast.com\/product\/yoast-seo-wordpress\/ -->\n<title>Exposition Flesselles 2026 - Les Amis des Arts de la Somme<\/title>\n<meta name=\"description\" content=\"R\u00e8glement et le formulaire d&#039;inscription de l&#039;exposition Flesselles 2026 organis\u00e9e par l&#039;association des Amis des Arts de la Somme.\" \/>\n<meta name=\"robots\" content=\"index, follow, max-snippet:-1, max-image-preview:large, max-video-preview:-1\" \/>\n<link rel=\"canonical\" href=\"https:\/\/lesamisdesartsdelasomme.fr\/index.php\/exposition-flesselles-2026\/\" \/>\n<meta property=\"og:locale\" content=\"fr_FR\" \/>\n<meta property=\"og:type\" content=\"article\" \/>\n<meta property=\"og:title\" content=\"Exposition Flesselles 2026 - Les Amis des Arts de la Somme\" \/>\n<meta property=\"og:description\" content=\"R\u00e8glement et le formulaire d&#039;inscription de l&#039;exposition Flesselles 2026 organis\u00e9e par l&#039;association des Amis des Arts de la Somme.\" \/>\n<meta property=\"og:url\" content=\"https:\/\/lesamisdesartsdelasomme.fr\/index.php\/exposition-flesselles-2026\/\" \/>\n<meta property=\"og:site_name\" content=\"Les Amis des Arts de la Somme\" \/>\n<meta property=\"article:publisher\" content=\"https:\/\/www.facebook.com\/amisdesarts.somme.9\/?locale=fr_FR\" \/>\n<meta property=\"article:modified_time\" content=\"2026-03-14T12:27:03+00:00\" \/>\n<meta property=\"og:image\" content=\"https:\/\/lesamisdesartsdelasomme.fr\/wp-content\/uploads\/2026\/02\/Affiche-Flesselles-2026.png\" \/>\n\t<meta property=\"og:image:width\" content=\"1587\" \/>\n\t<meta property=\"og:image:height\" content=\"2245\" \/>\n\t<meta property=\"og:image:type\" content=\"image\/png\" \/>\n<meta name=\"twitter:card\" content=\"summary_large_image\" \/>\n<meta name=\"twitter:label1\" content=\"Dur\u00e9e de lecture estim\u00e9e\" \/>\n\t<meta name=\"twitter:data1\" content=\"1 minute\" \/>\n<script type=\"application\/ld+json\" class=\"yoast-schema-graph\">{\"@context\":\"https:\\\/\\\/schema.org\",\"@graph\":[{\"@type\":\"WebPage\",\"@id\":\"https:\\\/\\\/lesamisdesartsdelasomme.fr\\\/index.php\\\/exposition-flesselles-2026\\\/\",\"url\":\"https:\\\/\\\/lesamisdesartsdelasomme.fr\\\/index.php\\\/exposition-flesselles-2026\\\/\",\"name\":\"Exposition Flesselles 2026 - Les Amis des Arts de la Somme\",\"isPartOf\":{\"@id\":\"https:\\\/\\\/lesamisdesartsdelasomme.fr\\\/#website\"},\"primaryImageOfPage\":{\"@id\":\"https:\\\/\\\/lesamisdesartsdelasomme.fr\\\/index.php\\\/exposition-flesselles-2026\\\/#primaryimage\"},\"image\":{\"@id\":\"https:\\\/\\\/lesamisdesartsdelasomme.fr\\\/index.php\\\/exposition-flesselles-2026\\\/#primaryimage\"},\"thumbnailUrl\":\"http:\\\/\\\/lesamisdesartsdelasomme.fr\\\/wp-content\\\/uploads\\\/2026\\\/02\\\/Affiche-Flesselles-2026-724x1024.png\",\"datePublished\":\"2026-03-03T17:57:11+00:00\",\"dateModified\":\"2026-03-14T12:27:03+00:00\",\"description\":\"R\u00e8glement et le formulaire d'inscription de l'exposition Flesselles 2026 organis\u00e9e par l'association des Amis des Arts de la Somme.\",\"breadcrumb\":{\"@id\":\"https:\\\/\\\/lesamisdesartsdelasomme.fr\\\/index.php\\\/exposition-flesselles-2026\\\/#breadcrumb\"},\"inLanguage\":\"fr-FR\",\"potentialAction\":[{\"@type\":\"ReadAction\",\"target\":[\"https:\\\/\\\/lesamisdesartsdelasomme.fr\\\/index.php\\\/exposition-flesselles-2026\\\/\"]}]},{\"@type\":\"ImageObject\",\"inLanguage\":\"fr-FR\",\"@id\":\"https:\\\/\\\/lesamisdesartsdelasomme.fr\\\/index.php\\\/exposition-flesselles-2026\\\/#primaryimage\",\"url\":\"https:\\\/\\\/lesamisdesartsdelasomme.fr\\\/wp-content\\\/uploads\\\/2026\\\/02\\\/Affiche-Flesselles-2026.png\",\"contentUrl\":\"https:\\\/\\\/lesamisdesartsdelasomme.fr\\\/wp-content\\\/uploads\\\/2026\\\/02\\\/Affiche-Flesselles-2026.png\",\"width\":1587,\"height\":2245},{\"@type\":\"BreadcrumbList\",\"@id\":\"https:\\\/\\\/lesamisdesartsdelasomme.fr\\\/index.php\\\/exposition-flesselles-2026\\\/#breadcrumb\",\"itemListElement\":[{\"@type\":\"ListItem\",\"position\":1,\"name\":\"Accueil\",\"item\":\"https:\\\/\\\/lesamisdesartsdelasomme.fr\\\/\"},{\"@type\":\"ListItem\",\"position\":2,\"name\":\"Exposition Flesselles 2026\"}]},{\"@type\":\"WebSite\",\"@id\":\"https:\\\/\\\/lesamisdesartsdelasomme.fr\\\/#website\",\"url\":\"https:\\\/\\\/lesamisdesartsdelasomme.fr\\\/\",\"name\":\"Les Amis des Arts de la Somme\",\"description\":\"\",\"publisher\":{\"@id\":\"https:\\\/\\\/lesamisdesartsdelasomme.fr\\\/#organization\"},\"potentialAction\":[{\"@type\":\"SearchAction\",\"target\":{\"@type\":\"EntryPoint\",\"urlTemplate\":\"https:\\\/\\\/lesamisdesartsdelasomme.fr\\\/?s={search_term_string}\"},\"query-input\":{\"@type\":\"PropertyValueSpecification\",\"valueRequired\":true,\"valueName\":\"search_term_string\"}}],\"inLanguage\":\"fr-FR\"},{\"@type\":\"Organization\",\"@id\":\"https:\\\/\\\/lesamisdesartsdelasomme.fr\\\/#organization\",\"name\":\"Les Amis des Arts de la Somme\",\"url\":\"https:\\\/\\\/lesamisdesartsdelasomme.fr\\\/\",\"logo\":{\"@type\":\"ImageObject\",\"inLanguage\":\"fr-FR\",\"@id\":\"https:\\\/\\\/lesamisdesartsdelasomme.fr\\\/#\\\/schema\\\/logo\\\/image\\\/\",\"url\":\"https:\\\/\\\/lesamisdesartsdelasomme.fr\\\/wp-content\\\/uploads\\\/2024\\\/07\\\/logo.jpg\",\"contentUrl\":\"https:\\\/\\\/lesamisdesartsdelasomme.fr\\\/wp-content\\\/uploads\\\/2024\\\/07\\\/logo.jpg\",\"width\":397,\"height\":374,\"caption\":\"Les Amis des Arts de la Somme\"},\"image\":{\"@id\":\"https:\\\/\\\/lesamisdesartsdelasomme.fr\\\/#\\\/schema\\\/logo\\\/image\\\/\"},\"sameAs\":[\"https:\\\/\\\/www.facebook.com\\\/amisdesarts.somme.9\\\/?locale=fr_FR\"]}]}<\/script>\n<!-- \/ Yoast SEO plugin. -->","yoast_head_json":{"title":"Exposition Flesselles 2026 - Les Amis des Arts de la Somme","description":"R\u00e8glement et le formulaire d'inscription de l'exposition Flesselles 2026 organis\u00e9e par l'association des Amis des Arts de la Somme.","robots":{"index":"index","follow":"follow","max-snippet":"max-snippet:-1","max-image-preview":"max-image-preview:large","max-video-preview":"max-video-preview:-1"},"canonical":"https:\/\/lesamisdesartsdelasomme.fr\/index.php\/exposition-flesselles-2026\/","og_locale":"fr_FR","og_type":"article","og_title":"Exposition Flesselles 2026 - Les Amis des Arts de la Somme","og_description":"R\u00e8glement et le formulaire d'inscription de l'exposition Flesselles 2026 organis\u00e9e par l'association des Amis des Arts de la Somme.","og_url":"https:\/\/lesamisdesartsdelasomme.fr\/index.php\/exposition-flesselles-2026\/","og_site_name":"Les Amis des Arts de la Somme","article_publisher":"https:\/\/www.facebook.com\/amisdesarts.somme.9\/?locale=fr_FR","article_modified_time":"2026-03-14T12:27:03+00:00","og_image":[{"width":1587,"height":2245,"url":"https:\/\/lesamisdesartsdelasomme.fr\/wp-content\/uploads\/2026\/02\/Affiche-Flesselles-2026.png","type":"image\/png"}],"twitter_card":"summary_large_image","twitter_misc":{"Dur\u00e9e de lecture estim\u00e9e":"1 minute"},"schema":{"@context":"https:\/\/schema.org","@graph":[{"@type":"WebPage","@id":"https:\/\/lesamisdesartsdelasomme.fr\/index.php\/exposition-flesselles-2026\/","url":"https:\/\/lesamisdesartsdelasomme.fr\/index.php\/exposition-flesselles-2026\/","name":"Exposition Flesselles 2026 - Les Amis des Arts de la Somme","isPartOf":{"@id":"https:\/\/lesamisdesartsdelasomme.fr\/#website"},"primaryImageOfPage":{"@id":"https:\/\/lesamisdesartsdelasomme.fr\/index.php\/exposition-flesselles-2026\/#primaryimage"},"image":{"@id":"https:\/\/lesamisdesartsdelasomme.fr\/index.php\/exposition-flesselles-2026\/#primaryimage"},"thumbnailUrl":"http:\/\/lesamisdesartsdelasomme.fr\/wp-content\/uploads\/2026\/02\/Affiche-Flesselles-2026-724x1024.png","datePublished":"2026-03-03T17:57:11+00:00","dateModified":"2026-03-14T12:27:03+00:00","description":"R\u00e8glement et le formulaire d'inscription de l'exposition Flesselles 2026 organis\u00e9e par l'association des Amis des Arts de la Somme.","breadcrumb":{"@id":"https:\/\/lesamisdesartsdelasomme.fr\/index.php\/exposition-flesselles-2026\/#breadcrumb"},"inLanguage":"fr-FR","potentialAction":[{"@type":"ReadAction","target":["https:\/\/lesamisdesartsdelasomme.fr\/index.php\/exposition-flesselles-2026\/"]}]},{"@type":"ImageObject","inLanguage":"fr-FR","@id":"https:\/\/lesamisdesartsdelasomme.fr\/index.php\/exposition-flesselles-2026\/#primaryimage","url":"https:\/\/lesamisdesartsdelasomme.fr\/wp-content\/uploads\/2026\/02\/Affiche-Flesselles-2026.png","contentUrl":"https:\/\/lesamisdesartsdelasomme.fr\/wp-content\/uploads\/2026\/02\/Affiche-Flesselles-2026.png","width":1587,"height":2245},{"@type":"BreadcrumbList","@id":"https:\/\/lesamisdesartsdelasomme.fr\/index.php\/exposition-flesselles-2026\/#breadcrumb","itemListElement":[{"@type":"ListItem","position":1,"name":"Accueil","item":"https:\/\/lesamisdesartsdelasomme.fr\/"},{"@type":"ListItem","position":2,"name":"Exposition Flesselles 2026"}]},{"@type":"WebSite","@id":"https:\/\/lesamisdesartsdelasomme.fr\/#website","url":"https:\/\/lesamisdesartsdelasomme.fr\/","name":"Les Amis des Arts de la Somme","description":"","publisher":{"@id":"https:\/\/lesamisdesartsdelasomme.fr\/#organization"},"potentialAction":[{"@type":"SearchAction","target":{"@type":"EntryPoint","urlTemplate":"https:\/\/lesamisdesartsdelasomme.fr\/?s={search_term_string}"},"query-input":{"@type":"PropertyValueSpecification","valueRequired":true,"valueName":"search_term_string"}}],"inLanguage":"fr-FR"},{"@type":"Organization","@id":"https:\/\/lesamisdesartsdelasomme.fr\/#organization","name":"Les Amis des Arts de la Somme","url":"https:\/\/lesamisdesartsdelasomme.fr\/","logo":{"@type":"ImageObject","inLanguage":"fr-FR","@id":"https:\/\/lesamisdesartsdelasomme.fr\/#\/schema\/logo\/image\/","url":"https:\/\/lesamisdesartsdelasomme.fr\/wp-content\/uploads\/2024\/07\/logo.jpg","contentUrl":"https:\/\/lesamisdesartsdelasomme.fr\/wp-content\/uploads\/2024\/07\/logo.jpg","width":397,"height":374,"caption":"Les Amis des Arts de la Somme"},"image":{"@id":"https:\/\/lesamisdesartsdelasomme.fr\/#\/schema\/logo\/image\/"},"sameAs":["https:\/\/www.facebook.com\/amisdesarts.somme.9\/?locale=fr_FR"]}]}},"_links":{"self":[{"href":"https:\/\/lesamisdesartsdelasomme.fr\/index.php\/wp-json\/wp\/v2\/pages\/908","targetHints":{"allow":["GET"]}}],"collection":[{"href":"https:\/\/lesamisdesartsdelasomme.fr\/index.php\/wp-json\/wp\/v2\/pages"}],"about":[{"href":"https:\/\/lesamisdesartsdelasomme.fr\/index.php\/wp-json\/wp\/v2\/types\/page"}],"author":[{"embeddable":true,"href":"https:\/\/lesamisdesartsdelasomme.fr\/index.php\/wp-json\/wp\/v2\/users\/4"}],"replies":[{"embeddable":true,"href":"https:\/\/lesamisdesartsdelasomme.fr\/index.php\/wp-json\/wp\/v2\/comments?post=908"}],"version-history":[{"count":27,"href":"https:\/\/lesamisdesartsdelasomme.fr\/index.php\/wp-json\/wp\/v2\/pages\/908\/revisions"}],"predecessor-version":[{"id":1048,"href":"https:\/\/lesamisdesartsdelasomme.fr\/index.php\/wp-json\/wp\/v2\/pages\/908\/revisions\/1048"}],"wp:attachment":[{"href":"https:\/\/lesamisdesartsdelasomme.fr\/index.php\/wp-json\/wp\/v2\/media?parent=908"}],"curies":[{"name":"wp","href":"https:\/\/api.w.org\/{rel}","templated":true}]}}